{"id":800,"date":"2023-04-25T15:21:09","date_gmt":"2023-04-25T15:21:09","guid":{"rendered":"https:\/\/www.droit-humain.dk\/?page_id=800"},"modified":"2023-06-16T16:06:22","modified_gmt":"2023-06-16T14:06:22","slug":"formal-full","status":"publish","type":"page","link":"https:\/\/www.droit-humain.dk\/sv\/velkommen-dansk\/formal-full\/","title":{"rendered":"Form\u00e5l (full)"},"content":{"rendered":"\n<h5 class=\"wp-block-heading\">Frimureriets form\u00e5l<\/h5>\n\n\n\n<p>Frimureriets form\u00e5l er at medvirke til st\u00f8rre medmenneskelighed og forst\u00e5else af livets sammenh\u00e6nge \u2014 uafh\u00e6ngigt af religioner, politiske tilh\u00f8rsforhold og status mennesker imellem. Den Internationale Frimurerorden for M\u00e6nd og Kvinder &#8220;LE DROIT HUMAIN&#8221; har gjort Den Franske Revolutions budskab fra 1789 \u2014 &#8220;Frihed, Lighed og Broderskab&#8221; \u2014 til sit.<\/p>\n\n\n\n<h5 class=\"wp-block-heading\">Frimureriets baggrund<\/h5>\n\n\n\n<p>Frimureriet har r\u00f8dder tilbage i oldtidens mysteriesamfund, og kernen i deres ceremonier, ritualer, symbolsprog og visdom er baggrunden for det, der for ca. 300 \u00e5r siden organiserede sig som Frimureri (se &#8220;Frimureriets historie&#8221; ved at klikke p\u00e5 &#8220;OM OSS&#8221; i menyen ovenfor).<\/p>\n\n\n\n<p>I Frimureriets ritualer og symboler ligger der en viden om livet, kosmos og det skabende princip, der kan hj\u00e6lpe hver enkelt til at opfylde Frimureriets form\u00e5l.<\/p>\n\n\n\n<h5 class=\"wp-block-heading\">Frimureriets metode<\/h5>\n\n\n\n<p>Frimurere samles omkring frimureriske ritualer og symboler, fordi der i dem kan l\u00e6gges en flertydighed, som almindelig samtale sj\u00e6ldent kan n\u00e5 op p\u00e5 siden af. Ritualer opleves via levende menneskers fremstilling med de mange dimensioner, dette medf\u00f8rer. Ritualer og symboler er i en vis forstand tidl\u00f8se og indvirker p\u00e5 den enkeltes bevidsthed p\u00e5 mange planer. Selv om man har oplevet samme ritual mange gange, er det forunderligt at se, at man hver gang f\u00e5r \u00f8je p\u00e5 nye dybder. Dette g\u00e6lder ogs\u00e5 de anvendte symboler.<\/p>\n\n\n\n<p>Der findes ingen autoriseret udl\u00e6gning af Frimureriets indhold. Der er ingen autoriteter til at fort\u00e6lle, hvad der er sandt. Det er op til hver enkelt at tolke ritualer og symboler ud fra sin egen tankegang og bevidsthed. Frimurere taler sammen og fort\u00e6ller hinanden deres opfattelser, men det st\u00e5r enhver frit for at udl\u00e6gge symbolerne og derefter handle efter egen samvittighed i overensstemmelse med Frimureriets form\u00e5l.<\/p>\n\n\n\n<h5 class=\"wp-block-heading\">Er Frimureriet hemmeligt?<\/h5>\n\n\n\n<p>Nej, kun ritualernes indhold og symbolerne fors\u00f8ges holdt hemmeligt, for ikke at tage overraskelsesmomentet fra en ny kandidat. Hvad Frimureriets form\u00e5l er, og hvordan det n\u00e5s, er ikke hemmeligt.<\/p>\n\n\n\n<p>Alle optagelser i de forskellige grader har deres s\u00e6rpr\u00e6g, som direkte p\u00e5virker sanser, f\u00f8lelser og tanker. P\u00e5 den m\u00e5de kan de blive starten til nyt\u00e6nkning, omvurdering og dybere forst\u00e5else, og derfor skal man for sin egen skyld helst ikke kende indholdet p\u00e5 forh\u00e5nd.<\/p>\n\n\n\n<div style=\"height:1rem\" aria-hidden=\"true\" class=\"wp-block-spacer\"><\/div>\n\n\n\n<figure class=\"wp-block-image size-full has-custom-border\"><a href=\"https:\/\/i0.wp.com\/www.droit-humain.dk\/wp-content\/uploads\/2023\/04\/divine-light.jpg?ssl=1\" target=\"_blank\" rel=\"noreferrer noopener\"><img data-recalc-dims=\"1\" decoding=\"async\" width=\"529\" height=\"601\" src=\"https:\/\/i0.wp.com\/www.droit-humain.dk\/wp-content\/uploads\/2023\/04\/divine-light.jpg?resize=529%2C601&#038;ssl=1\" alt=\"Glass mosaic showing a hand under a square holding a compass.\" class=\"wp-image-762\" style=\"border-radius:10px\" srcset=\"https:\/\/i0.wp.com\/www.droit-humain.dk\/wp-content\/uploads\/2023\/04\/divine-light.jpg?w=529&amp;ssl=1 529w, https:\/\/i0.wp.com\/www.droit-humain.dk\/wp-content\/uploads\/2023\/04\/divine-light.jpg?resize=264%2C300&amp;ssl=1 264w\" sizes=\"(max-width: 529px) 100vw, 529px\" \/><\/a><figcaption class=\"wp-element-caption\"><em>&#8220;The divine light penetrates the universe according to its dignity.&#8221; &#8211; Dante<\/em><\/figcaption><\/figure>\n","protected":false},"excerpt":{"rendered":"<p>Frimureriets form\u00e5l Frimureriets form\u00e5l er at medvirke til st\u00f8rre medmenneskelighed og forst\u00e5else af livets sammenh\u00e6nge \u2014 uafh\u00e6ngigt af religioner, politiske tilh\u00f8rsforhold og status mennesker imellem. Den Internationale Frimurerorden for M\u00e6nd [&hellip;]<\/p>\n","protected":false},"author":1,"featured_media":0,"parent":239,"menu_order":0,"comment_status":"closed","ping_status":"closed","template":"","meta":{"_acf_changed":false,"advgb_blocks_editor_width":"","advgb_blocks_columns_visual_guide":"","advanced_seo_description":"","jetpack_seo_html_title":"","jetpack_seo_noindex":false,"_EventAllDay":false,"_EventTimezone":"","_EventStartDate":"","_EventEndDate":"","_EventStartDateUTC":"","_EventEndDateUTC":"","_EventShowMap":false,"_EventShowMapLink":false,"_EventURL":"","_EventCost":"","_EventCostDescription":"","_EventCurrencySymbol":"","_EventCurrencyCode":"","_EventCurrencyPosition":"","_EventDateTimeSeparator":"","_EventTimeRangeSeparator":"","_EventOrganizerID":[],"_EventVenueID":[],"_OrganizerEmail":"","_OrganizerPhone":"","_OrganizerWebsite":"","_VenueAddress":"","_VenueCity":"","_VenueCountry":"","_VenueProvince":"","_VenueState":"","_VenueZip":"","_VenuePhone":"","_VenueURL":"","_VenueStateProvince":"","_VenueLat":"","_VenueLng":"","_VenueShowMap":false,"_VenueShowMapLink":false,"footnotes":""},"ldh-units":[],"class_list":["post-800","page","type-page","status-publish","hentry"],"acf":[],"jetpack_sharing_enabled":true,"coauthors":[],"author_meta":{"author_link":"https:\/\/www.droit-humain.dk\/sv\/author\/tmp2_chafb4\/","display_name":"tmp2_chafb4"},"relative_dates":{"created":"Publicerad 3 \u00e5r sedan","modified":"Uppdaterad 3 \u00e5r sedan"},"absolute_dates":{"created":"Publicerat den 25. april 2023","modified":"Uppdaterad den 16. juni 2023"},"absolute_dates_time":{"created":"Publicerat den 25. april 2023 3:21 e m","modified":"Uppdaterad den 16. juni 2023 4:06 e m"},"featured_img_caption":"","featured_img":false,"series_order":"","jetpack_shortlink":"https:\/\/wp.me\/PfyV9I-cU","_links":{"self":[{"href":"https:\/\/www.droit-humain.dk\/sv\/wp-json\/wp\/v2\/pages\/800","targetHints":{"allow":["GET"]}}],"collection":[{"href":"https:\/\/www.droit-humain.dk\/sv\/wp-json\/wp\/v2\/pages"}],"about":[{"href":"https:\/\/www.droit-humain.dk\/sv\/wp-json\/wp\/v2\/types\/page"}],"author":[{"embeddable":true,"href":"https:\/\/www.droit-humain.dk\/sv\/wp-json\/wp\/v2\/users\/1"}],"replies":[{"embeddable":true,"href":"https:\/\/www.droit-humain.dk\/sv\/wp-json\/wp\/v2\/comments?post=800"}],"version-history":[{"count":5,"href":"https:\/\/www.droit-humain.dk\/sv\/wp-json\/wp\/v2\/pages\/800\/revisions"}],"predecessor-version":[{"id":2202,"href":"https:\/\/www.droit-humain.dk\/sv\/wp-json\/wp\/v2\/pages\/800\/revisions\/2202"}],"up":[{"embeddable":true,"href":"https:\/\/www.droit-humain.dk\/sv\/wp-json\/wp\/v2\/pages\/239"}],"wp:attachment":[{"href":"https:\/\/www.droit-humain.dk\/sv\/wp-json\/wp\/v2\/media?parent=800"}],"wp:term":[{"taxonomy":"ldh-units","embeddable":true,"href":"https:\/\/www.droit-humain.dk\/sv\/wp-json\/wp\/v2\/ldh-units?post=800"}],"curies":[{"name":"wp","href":"https:\/\/api.w.org\/{rel}","templated":true}]}}