{"id":5038,"date":"2023-04-07T19:04:18","date_gmt":"2023-04-07T17:04:18","guid":{"rendered":"https:\/\/www.droit-humain.dk\/kontakt\/"},"modified":"2023-10-12T08:29:05","modified_gmt":"2023-10-12T06:29:05","slug":"kontakt","status":"publish","type":"page","link":"https:\/\/www.droit-humain.dk\/sv\/kontakt\/","title":{"rendered":"Kontakt"},"content":{"rendered":"\n<p>I Norden har vi en representant f\u00f6r H\u00f6gsta r\u00e5det som h\u00f6gsta myndighet, men i praktiken har varje enskild loge ett stort m\u00e5tt av sj\u00e4lvst\u00e4ndighet. Som ett samordnande organ har Det federala r\u00e5det inr\u00e4ttats, d\u00e4r varje loge \u00e4r representerad.<\/p>\n\n<div class=\"wp-block-columns alignfull is-layout-flex wp-container-core-columns-is-layout-28f84493 wp-block-columns-is-layout-flex\">\n<div class=\"wp-block-column is-layout-flow wp-block-column-is-layout-flow\" style=\"flex-basis:50%\">\n<div class=\"wp-block-cover is-light advgb-dyn-d12f69ab\" style=\"min-height:600px;aspect-ratio:unset;\"><span aria-hidden=\"true\" class=\"wp-block-cover__background has-background-dim-100 has-background-dim\" style=\"background-color:#f6f6f6\"><\/span><div class=\"wp-block-cover__inner-container is-layout-flow wp-block-cover-is-layout-flow\">\n<figure class=\"wp-block-image aligncenter size-full advgb-dyn-2960a504\"><img data-recalc-dims=\"1\" decoding=\"async\" width=\"239\" height=\"301\" src=\"https:\/\/i0.wp.com\/www.droit-humain.dk\/wp-content\/uploads\/2023\/05\/poul-p.jpg?resize=239%2C301&#038;ssl=1\" alt=\"Poul Pedersen, representant i H&#xF6;gsta r&#xE5;det f&#xF6;r Skandinaviska federationen Le Droit Humain\" class=\"wp-image-1545\" srcset=\"https:\/\/i0.wp.com\/www.droit-humain.dk\/wp-content\/uploads\/2023\/05\/poul-p.jpg?w=239&amp;ssl=1 239w, https:\/\/i0.wp.com\/www.droit-humain.dk\/wp-content\/uploads\/2023\/05\/poul-p.jpg?resize=10%2C12&amp;ssl=1 10w\" sizes=\"(max-width: 239px) 100vw, 239px\" \/><figcaption class=\"wp-element-caption\"><em>Poul Pedersen, representant i H\u00f6gsta r\u00e5det f\u00f6r Skandinaviska federationen Le Droit Humain<\/em><\/figcaption><\/figure><\/div><\/div>\n<\/div>\n\n\n\n<div class=\"wp-block-column is-vertically-aligned-top is-layout-flow wp-block-column-is-layout-flow\" style=\"padding-top:1em;padding-right:1em;padding-bottom:1em;padding-left:1em\">\n<p>Skandinaviska federationens representant \u00e4r <strong>Poul Pedersen<\/strong>. <\/p>\n\n\n\n<p>Om du vill g\u00e5 med i v\u00e5r Orden eller vill veta mer, v\u00e4nligen kontakta Poul via e-post: <a href=\"mailto:HRR@droit-humain.dk\">HRR@droit-humain.dk<\/a>.<\/p>\n\n\n\n<p>Dessutom kan du kontakta oss via l\u00e4nkarna nedan, oavsett var du bor.<\/p>\n\n\n\n<p>Du kommer att h\u00f6ra fr\u00e5n oss s\u00e5 snart som m\u00f6jligt (klicka f\u00f6r att \u00f6ppna i e-postsystemet):<\/p>\n\n\n\n<ul class=\"wp-block-list\">\n<li><a href=\"https:\/\/tmp.shinysticker.io\/bo.oertz@gmail.com\">Odin Lodge, K\u00f6penhamn<\/a><\/li>\n\n\n\n<li><a href=\"https:\/\/tmp.shinysticker.io\/hermes@droit-humain.dk\">Loge Hermes, \u00c5rhus<\/a><\/li>\n\n\n\n<li><a href=\"https:\/\/tmp.shinysticker.io\/gfk@webspeed.dk\">Loge Parsifal, Aalborg<\/a><\/li>\n<\/ul>\n\n\n\n<p>F\u00f6r att kontakta logerna i Danmark, Sverige och Norge via kontaktformul\u00e4r &#8211; se <a href=\"https:\/\/www.droit-humain.dk\/sv\/vaara-loger\/\" data-type=\"page\" data-id=\"70\">LOGER<\/a>.<\/p>\n<\/div>\n<\/div>\n\n<p>Om du \u00e4r medlem i Le Droit Humain: Anv\u00e4nd medlemsinloggningen f\u00f6r att komma \u00e5t Federationens och logernas interna sidor.<\/p>\n","protected":false},"excerpt":{"rendered":"<p>I Norden har vi en representant f\u00f6r H\u00f6gsta r\u00e5det som h\u00f6gsta myndighet, men i praktiken har varje enskild loge ett stort m\u00e5tt av sj\u00e4lvst\u00e4ndighet. Som ett samordnande organ har Det [&hellip;]<\/p>\n","protected":false},"author":1,"featured_media":0,"parent":0,"menu_order":0,"comment_status":"closed","ping_status":"closed","template":"","meta":{"_acf_changed":false,"advgb_blocks_editor_width":"","advgb_blocks_columns_visual_guide":"","advanced_seo_description":"","jetpack_seo_html_title":"","jetpack_seo_noindex":false,"_EventAllDay":false,"_EventTimezone":"","_EventStartDate":"","_EventEndDate":"","_EventStartDateUTC":"","_EventEndDateUTC":"","_EventShowMap":false,"_EventShowMapLink":false,"_EventURL":"","_EventCost":"","_EventCostDescription":"","_EventCurrencySymbol":"","_EventCurrencyCode":"","_EventCurrencyPosition":"","_EventDateTimeSeparator":"","_EventTimeRangeSeparator":"","_EventOrganizerID":[],"_EventVenueID":[],"_OrganizerEmail":"","_OrganizerPhone":"","_OrganizerWebsite":"","_VenueAddress":"","_VenueCity":"","_VenueCountry":"","_VenueProvince":"","_VenueState":"","_VenueZip":"","_VenuePhone":"","_VenueURL":"","_VenueStateProvince":"","_VenueLat":"","_VenueLng":"","_VenueShowMap":false,"_VenueShowMapLink":false,"footnotes":""},"ldh-units":[],"class_list":["post-5038","page","type-page","status-publish","hentry"],"acf":[],"jetpack_sharing_enabled":true,"coauthors":[],"author_meta":{"author_link":"https:\/\/www.droit-humain.dk\/sv\/author\/tmp2_chafb4\/","display_name":"tmp2_chafb4"},"relative_dates":{"created":"Publicerad 3 \u00e5r sedan","modified":"Uppdaterad 3 \u00e5r sedan"},"absolute_dates":{"created":"Publicerat den 7. april 2023","modified":"Uppdaterad den 12. oktober 2023"},"absolute_dates_time":{"created":"Publicerat den 7. april 2023 7:04 e m","modified":"Uppdaterad den 12. oktober 2023 8:29 f m"},"featured_img_caption":"","featured_img":false,"series_order":"","jetpack_shortlink":"https:\/\/wp.me\/PfyV9I-1jg","_links":{"self":[{"href":"https:\/\/www.droit-humain.dk\/sv\/wp-json\/wp\/v2\/pages\/5038","targetHints":{"allow":["GET"]}}],"collection":[{"href":"https:\/\/www.droit-humain.dk\/sv\/wp-json\/wp\/v2\/pages"}],"about":[{"href":"https:\/\/www.droit-humain.dk\/sv\/wp-json\/wp\/v2\/types\/page"}],"author":[{"embeddable":true,"href":"https:\/\/www.droit-humain.dk\/sv\/wp-json\/wp\/v2\/users\/1"}],"replies":[{"embeddable":true,"href":"https:\/\/www.droit-humain.dk\/sv\/wp-json\/wp\/v2\/comments?post=5038"}],"version-history":[{"count":1,"href":"https:\/\/www.droit-humain.dk\/sv\/wp-json\/wp\/v2\/pages\/5038\/revisions"}],"predecessor-version":[{"id":5039,"href":"https:\/\/www.droit-humain.dk\/sv\/wp-json\/wp\/v2\/pages\/5038\/revisions\/5039"}],"wp:attachment":[{"href":"https:\/\/www.droit-humain.dk\/sv\/wp-json\/wp\/v2\/media?parent=5038"}],"wp:term":[{"taxonomy":"ldh-units","embeddable":true,"href":"https:\/\/www.droit-humain.dk\/sv\/wp-json\/wp\/v2\/ldh-units?post=5038"}],"curies":[{"name":"wp","href":"https:\/\/api.w.org\/{rel}","templated":true}]}}