{"id":1539,"date":"2023-05-14T17:35:14","date_gmt":"2023-05-14T15:35:14","guid":{"rendered":"https:\/\/www.droit-humain.dk\/?page_id=1539"},"modified":"2024-02-27T14:28:38","modified_gmt":"2024-02-27T13:28:38","slug":"loge-les-trois-bouffees","status":"publish","type":"page","link":"https:\/\/www.droit-humain.dk\/sv\/loger\/loge-les-trois-bouffees\/","title":{"rendered":"Les Trois Bouffe\u00e9s"},"content":{"rendered":" \n        <div class=\"li-container\">\n            <div class=\"li-emblem\">\n                <img decoding=\"async\" width=\"150\" height=\"150\" src=\"https:\/\/i0.wp.com\/www.droit-humain.dk\/wp-content\/uploads\/2023\/05\/logegenerelnorge.gif?resize=150%2C150&amp;ssl=1\" class=\"attachment-thumbnail size-thumbnail\" alt=\"\" \/>                            <\/div>\n            <div class=\"li-title\">\n                <h4>\n                    <strong>Loge Les Trois Bouffe\u00e9s #-1<\/strong>\n                <\/h4>\n                <i>\n                    V\u00e4nersborg                <\/i>\n            <\/div>\n        <\/div> \n\n\n\n<p>Velkommen til Loge Les Trois Bouffe\u00e9s.<\/p>\n\n\n\n\n\n<div class=\"wp-block-group is-content-justification-left is-nowrap is-layout-flex wp-container-core-group-is-layout-fc9f69e7 wp-block-group-is-layout-flex\">\n<p>M\u00f8defrekvens:<\/p>\n\n\nHver 14. dag\n<\/div>\n\n\n\n\n\n\n\n\n\n\n\n\n\n<h5 class=\"wp-block-heading advgb-dyn-37fc2724\">Kontakt Loge Les Trois Bouffe\u00e9s<\/h5>\n\n\n<p class=\"advgb-dyn-c24fd7df\"><div class=\"wpforms-container wpforms-container-full wpforms-render-modern\" id=\"wpforms-1250\"><form id=\"wpforms-form-1250\" class=\"wpforms-validate wpforms-form wpforms-ajax-form\" data-formid=\"1250\" method=\"post\" enctype=\"multipart\/form-data\" action=\"\/sv\/wp-json\/wp\/v2\/pages\/1539\" data-token=\"12b3dd65d09c585c7e37cf02199d8ef2\"><noscript class=\"wpforms-error-noscript\">Aktivera JavaScript i din webbl\u00e4sare f\u00f6r att slutf\u00f6ra detta formul\u00e4r.<\/noscript><div class=\"wpforms-hidden\" id=\"wpforms-error-noscript\">Aktivera JavaScript i din webbl\u00e4sare f\u00f6r att slutf\u00f6ra detta formul\u00e4r.<\/div><div class=\"wpforms-field-container\"><div id=\"wpforms-1250-field_0-container\" class=\"wpforms-field wpforms-field-name\" data-field-id=\"0\"><label class=\"wpforms-field-label\" for=\"wpforms-1250-field_0\">Navn <span class=\"wpforms-required-label\" aria-hidden=\"true\">*<\/span><\/label><input type=\"text\" id=\"wpforms-1250-field_0\" class=\"wpforms-field-medium wpforms-field-required\" name=\"wpforms[fields][0]\" aria-errormessage=\"wpforms-1250-field_0-error\" required><\/div><div id=\"wpforms-1250-field_1-container\" class=\"wpforms-field wpforms-field-email\" data-field-id=\"1\"><label class=\"wpforms-field-label\" for=\"wpforms-1250-field_1\">E-postadresse <span class=\"wpforms-required-label\" aria-hidden=\"true\">*<\/span><\/label><input type=\"email\" id=\"wpforms-1250-field_1\" class=\"wpforms-field-medium wpforms-field-required\" name=\"wpforms[fields][1]\" spellcheck=\"false\" aria-errormessage=\"wpforms-1250-field_1-error\" required><\/div><div id=\"wpforms-1250-field_6-container\" class=\"wpforms-field wpforms-field-text\" data-field-id=\"6\"><label class=\"wpforms-field-label\" for=\"wpforms-1250-field_6\">Emne <span class=\"wpforms-required-label\" aria-hidden=\"true\">*<\/span><\/label><input type=\"text\" id=\"wpforms-1250-field_6\" class=\"wpforms-field-medium wpforms-field-required\" name=\"wpforms[fields][6]\" value=\"Ny melding fra kontaktskjema\" aria-errormessage=\"wpforms-1250-field_6-error\" required><\/div><div id=\"wpforms-1250-field_2-container\" class=\"wpforms-field wpforms-field-textarea\" data-field-id=\"2\"><label class=\"wpforms-field-label\" for=\"wpforms-1250-field_2\">Melding <span class=\"wpforms-required-label\" aria-hidden=\"true\">*<\/span><\/label><textarea id=\"wpforms-1250-field_2\" class=\"wpforms-field-medium wpforms-field-required\" name=\"wpforms[fields][2]\" aria-errormessage=\"wpforms-1250-field_2-error\" required><\/textarea><\/div><div id=\"wpforms-1250-field_7-container\" class=\"wpforms-field wpforms-field-hidden\" data-field-id=\"7\"><input type=\"hidden\" id=\"wpforms-1250-field_7\" name=\"wpforms[fields][7]\" value=\"Loge Les Trois Bouffe\u00e9s\" aria-errormessage=\"wpforms-1250-field_7-error\"><\/div><div id=\"wpforms-1250-field_5-container\" class=\"wpforms-field wpforms-field-hidden\" data-field-id=\"5\"><input type=\"hidden\" id=\"wpforms-1250-field_5\" name=\"wpforms[fields][5]\" value=\"ldh-sverige@hotmail.se\" aria-errormessage=\"wpforms-1250-field_5-error\"><\/div><\/div><!-- .wpforms-field-container --><input type=\"hidden\" name=\"wpforms[recaptcha]\" value=\"\"><div class=\"wpforms-submit-container\" ><input type=\"hidden\" name=\"wpforms[id]\" value=\"1250\"><input type=\"hidden\" name=\"wpforms[author]\" value=\"1\"><button type=\"submit\" name=\"wpforms[submit]\" id=\"wpforms-submit-1250\" class=\"wpforms-submit\" data-alt-text=\"Sender...\" data-submit-text=\"Send melding\" aria-live=\"assertive\" value=\"wpforms-submit\">Send melding<\/button><img decoding=\"async\" src=\"https:\/\/www.droit-humain.dk\/wp-content\/plugins\/wpforms\/assets\/images\/submit-spin.svg\" class=\"wpforms-submit-spinner\" style=\"display: none;\" width=\"26\" height=\"26\" alt=\"Laddar\"><\/div><\/form><\/div>  <!-- .wpforms-container --><\/p>\n","protected":false},"excerpt":{"rendered":"<p>Velkommen til Loge Les Trois Bouffe\u00e9s. M\u00f8dested: M\u00f8defrekvens: Intern info Klikk for \u00e5 ekspandere. Kontakt Loge Les Trois Bouffe\u00e9s<\/p>\n","protected":false},"author":1,"featured_media":0,"parent":70,"menu_order":0,"comment_status":"closed","ping_status":"closed","template":"","meta":{"_acf_changed":false,"advgb_blocks_editor_width":"","advgb_blocks_columns_visual_guide":"","advanced_seo_description":"","jetpack_seo_html_title":"","jetpack_seo_noindex":false,"_EventAllDay":false,"_EventTimezone":"","_EventStartDate":"","_EventEndDate":"","_EventStartDateUTC":"","_EventEndDateUTC":"","_EventShowMap":false,"_EventShowMapLink":false,"_EventURL":"","_EventCost":"","_EventCostDescription":"","_EventCurrencySymbol":"","_EventCurrencyCode":"","_EventCurrencyPosition":"","_EventDateTimeSeparator":"","_EventTimeRangeSeparator":"","_EventOrganizerID":[],"_EventVenueID":[],"_OrganizerEmail":"","_OrganizerPhone":"","_OrganizerWebsite":"","_VenueAddress":"","_VenueCity":"","_VenueCountry":"","_VenueProvince":"","_VenueState":"","_VenueZip":"","_VenuePhone":"","_VenueURL":"","_VenueStateProvince":"","_VenueLat":"","_VenueLng":"","_VenueShowMap":false,"_VenueShowMapLink":false,"footnotes":""},"ldh-units":[16],"class_list":["post-1539","page","type-page","status-publish","hentry","ldh-units-les-trois-bouffees"],"acf":[],"jetpack_sharing_enabled":true,"coauthors":[],"author_meta":{"author_link":"https:\/\/www.droit-humain.dk\/sv\/author\/tmp2_chafb4\/","display_name":"tmp2_chafb4"},"relative_dates":{"created":"Publicerad 3 \u00e5r sedan","modified":"Uppdaterad 2 \u00e5r sedan"},"absolute_dates":{"created":"Publicerat den 14. maj 2023","modified":"Uppdaterad den 27. februari 2024"},"absolute_dates_time":{"created":"Publicerat den 14. maj 2023 5:35 e m","modified":"Uppdaterad den 27. februari 2024 2:28 e m"},"featured_img_caption":"","featured_img":false,"series_order":"","jetpack_shortlink":"https:\/\/wp.me\/PfyV9I-oP","_links":{"self":[{"href":"https:\/\/www.droit-humain.dk\/sv\/wp-json\/wp\/v2\/pages\/1539","targetHints":{"allow":["GET"]}}],"collection":[{"href":"https:\/\/www.droit-humain.dk\/sv\/wp-json\/wp\/v2\/pages"}],"about":[{"href":"https:\/\/www.droit-humain.dk\/sv\/wp-json\/wp\/v2\/types\/page"}],"author":[{"embeddable":true,"href":"https:\/\/www.droit-humain.dk\/sv\/wp-json\/wp\/v2\/users\/1"}],"replies":[{"embeddable":true,"href":"https:\/\/www.droit-humain.dk\/sv\/wp-json\/wp\/v2\/comments?post=1539"}],"version-history":[{"count":9,"href":"https:\/\/www.droit-humain.dk\/sv\/wp-json\/wp\/v2\/pages\/1539\/revisions"}],"predecessor-version":[{"id":6032,"href":"https:\/\/www.droit-humain.dk\/sv\/wp-json\/wp\/v2\/pages\/1539\/revisions\/6032"}],"up":[{"embeddable":true,"href":"https:\/\/www.droit-humain.dk\/sv\/wp-json\/wp\/v2\/pages\/70"}],"wp:attachment":[{"href":"https:\/\/www.droit-humain.dk\/sv\/wp-json\/wp\/v2\/media?parent=1539"}],"wp:term":[{"taxonomy":"ldh-units","embeddable":true,"href":"https:\/\/www.droit-humain.dk\/sv\/wp-json\/wp\/v2\/ldh-units?post=1539"}],"curies":[{"name":"wp","href":"https:\/\/api.w.org\/{rel}","templated":true}]}}