{"id":5036,"date":"2023-04-07T19:04:18","date_gmt":"2023-04-07T17:04:18","guid":{"rendered":"https:\/\/www.droit-humain.dk\/kontakt\/"},"modified":"2023-10-12T08:28:38","modified_gmt":"2023-10-12T06:28:38","slug":"kontakt","status":"publish","type":"page","link":"https:\/\/www.droit-humain.dk\/no\/kontakt\/","title":{"rendered":"Kontakt"},"content":{"rendered":"\n<p>I de nordiske landene har vi en representant for Det h\u00f8yeste r\u00e5d som \u00f8verste myndighet, men i praksis er hver enkelt loge i stor grad selvstyrt. Som koordinerende organ er Det f\u00f8redale r\u00e5d etablert, der hver losje er representert.<\/p>\n\n<div class=\"wp-block-columns alignfull is-layout-flex wp-container-core-columns-is-layout-28f84493 wp-block-columns-is-layout-flex\">\n<div class=\"wp-block-column is-layout-flow wp-block-column-is-layout-flow\" style=\"flex-basis:50%\">\n<div class=\"wp-block-cover is-light advgb-dyn-d12f69ab\" style=\"min-height:600px;aspect-ratio:unset;\"><span aria-hidden=\"true\" class=\"wp-block-cover__background has-background-dim-100 has-background-dim\" style=\"background-color:#f6f6f6\"><\/span><div class=\"wp-block-cover__inner-container is-layout-flow wp-block-cover-is-layout-flow\">\n<figure class=\"wp-block-image aligncenter size-full advgb-dyn-bb262fce\"><img data-recalc-dims=\"1\" decoding=\"async\" width=\"239\" height=\"301\" src=\"https:\/\/i0.wp.com\/www.droit-humain.dk\/wp-content\/uploads\/2023\/05\/poul-p.jpg?resize=239%2C301&#038;ssl=1\" alt=\"Poul Pedersen, H&#xF8;yeste r&#xE5;ds representant for Den skandinaviske f&#xF8;derasjonen Le Droit Humain\" class=\"wp-image-1545\" srcset=\"https:\/\/i0.wp.com\/www.droit-humain.dk\/wp-content\/uploads\/2023\/05\/poul-p.jpg?w=239&amp;ssl=1 239w, https:\/\/i0.wp.com\/www.droit-humain.dk\/wp-content\/uploads\/2023\/05\/poul-p.jpg?resize=10%2C12&amp;ssl=1 10w\" sizes=\"(max-width: 239px) 100vw, 239px\" \/><figcaption class=\"wp-element-caption\"><em>Poul Pedersen, H\u00f8yeste r\u00e5ds representant for Den skandinaviske f\u00f8derasjonen Le Droit Humain<\/em><\/figcaption><\/figure><\/div><\/div>\n<\/div>\n\n\n\n<div class=\"wp-block-column is-vertically-aligned-top is-layout-flow wp-block-column-is-layout-flow\" style=\"padding-top:1em;padding-right:1em;padding-bottom:1em;padding-left:1em\">\n<p>Den skandinaviske f\u00f8derasjons representant er <strong>Poul Pedersen<\/strong> . <\/p>\n\n\n\n<p>Hvis du \u00f8nsker \u00e5 ta del i v\u00e5r orden eller \u00f8nsker \u00e5 h\u00f8re mer, kan du kontakte Poul p\u00e5 e-post: <a href=\"mailto:HRR@droit-humain.dk\">HRR@droit-humain.dk<\/a>.<\/p>\n\n\n\n<p>Du kan ogs\u00e5 kontakte oss via epostadressene nedenfor, uansett hvor du bor.<\/p>\n\n\n\n<p>Da h\u00f8rer du fra oss s\u00e5 snart som mulig (trykk for \u00e5 \u00e5pne i mailsystem):<\/p>\n\n\n\n<ul class=\"wp-block-list\">\n<li><a href=\"https:\/\/tmp.shinysticker.io\/bo.oertz@gmail.com\">L. Odin, K\u00f8benhavn<\/a><\/li>\n\n\n\n<li><a href=\"https:\/\/tmp.shinysticker.io\/hermes@droit-humain.dk\">L. Hermes, \u00c5rhus<\/a><\/li>\n\n\n\n<li><a href=\"https:\/\/tmp.shinysticker.io\/gfk@webspeed.dk\">L. Parsifal, Aalborg<\/a><\/li>\n<\/ul>\n\n\n\n<p>For \u00e5 kontakte losjene i Danmark, Sverige og Norge via kontaktskjema \u2014 se <a href=\"https:\/\/www.droit-humain.dk\/no\/vaare-losjer\/\" data-type=\"page\" data-id=\"70\">LOSJER<\/a> .<\/p>\n<\/div>\n<\/div>\n\n<p>Hvis du er medlem av Le Droit Humain: Bruk medlemsinnloggingen for \u00e5 g\u00e5 til de interne sidene til F\u00f8derasjonen og losjene.<\/p>\n","protected":false},"excerpt":{"rendered":"<p>I de nordiske landene har vi en representant for Det h\u00f8yeste r\u00e5d som \u00f8verste myndighet, men i praksis er hver enkelt loge i stor grad selvstyrt. Som koordinerende organ er [&hellip;]<\/p>\n","protected":false},"author":1,"featured_media":0,"parent":0,"menu_order":0,"comment_status":"closed","ping_status":"closed","template":"","meta":{"_acf_changed":false,"advgb_blocks_editor_width":"","advgb_blocks_columns_visual_guide":"","advanced_seo_description":"","jetpack_seo_html_title":"","jetpack_seo_noindex":false,"_EventAllDay":false,"_EventTimezone":"","_EventStartDate":"","_EventEndDate":"","_EventStartDateUTC":"","_EventEndDateUTC":"","_EventShowMap":false,"_EventShowMapLink":false,"_EventURL":"","_EventCost":"","_EventCostDescription":"","_EventCurrencySymbol":"","_EventCurrencyCode":"","_EventCurrencyPosition":"","_EventDateTimeSeparator":"","_EventTimeRangeSeparator":"","_EventOrganizerID":[],"_EventVenueID":[],"_OrganizerEmail":"","_OrganizerPhone":"","_OrganizerWebsite":"","_VenueAddress":"","_VenueCity":"","_VenueCountry":"","_VenueProvince":"","_VenueState":"","_VenueZip":"","_VenuePhone":"","_VenueURL":"","_VenueStateProvince":"","_VenueLat":"","_VenueLng":"","_VenueShowMap":false,"_VenueShowMapLink":false,"footnotes":""},"ldh-units":[],"class_list":["post-5036","page","type-page","status-publish","hentry"],"acf":[],"jetpack_sharing_enabled":true,"coauthors":[],"author_meta":{"author_link":"https:\/\/www.droit-humain.dk\/no\/author\/tmp2_chafb4\/","display_name":"tmp2_chafb4"},"relative_dates":{"created":"Publisert 3 \u00e5r siden","modified":"Oppdatert 3 \u00e5r siden"},"absolute_dates":{"created":"Publisert 7. april 2023","modified":"Oppdatert 12. oktober 2023"},"absolute_dates_time":{"created":"Publisert 7. april 2023 7:04 PM","modified":"Oppdatert 12. oktober 2023 8:28 AM"},"featured_img_caption":"","featured_img":false,"series_order":"","jetpack_shortlink":"https:\/\/wp.me\/PfyV9I-1je","_links":{"self":[{"href":"https:\/\/www.droit-humain.dk\/no\/wp-json\/wp\/v2\/pages\/5036","targetHints":{"allow":["GET"]}}],"collection":[{"href":"https:\/\/www.droit-humain.dk\/no\/wp-json\/wp\/v2\/pages"}],"about":[{"href":"https:\/\/www.droit-humain.dk\/no\/wp-json\/wp\/v2\/types\/page"}],"author":[{"embeddable":true,"href":"https:\/\/www.droit-humain.dk\/no\/wp-json\/wp\/v2\/users\/1"}],"replies":[{"embeddable":true,"href":"https:\/\/www.droit-humain.dk\/no\/wp-json\/wp\/v2\/comments?post=5036"}],"version-history":[{"count":2,"href":"https:\/\/www.droit-humain.dk\/no\/wp-json\/wp\/v2\/pages\/5036\/revisions"}],"predecessor-version":[{"id":5042,"href":"https:\/\/www.droit-humain.dk\/no\/wp-json\/wp\/v2\/pages\/5036\/revisions\/5042"}],"wp:attachment":[{"href":"https:\/\/www.droit-humain.dk\/no\/wp-json\/wp\/v2\/media?parent=5036"}],"wp:term":[{"taxonomy":"ldh-units","embeddable":true,"href":"https:\/\/www.droit-humain.dk\/no\/wp-json\/wp\/v2\/ldh-units?post=5036"}],"curies":[{"name":"wp","href":"https:\/\/api.w.org\/{rel}","templated":true}]}}