{"id":3482,"date":"2023-04-04T21:32:01","date_gmt":"2023-04-04T19:32:01","guid":{"rendered":"https:\/\/www.droit-humain.dk\/personvernerklaering\/"},"modified":"2023-07-30T19:30:32","modified_gmt":"2023-07-30T17:30:32","slug":"personvernerklaering","status":"publish","type":"page","link":"https:\/\/www.droit-humain.dk\/no\/personvernerklaering\/","title":{"rendered":"Personvernerkl\u00e6ring"},"content":{"rendered":"\n<h3 class=\"wp-block-heading advgb-dyn-d04ca124\">Hvem vi er<\/h3>\n\n<p>Den skandinaviske f\u00f8derasjonen av Den internasjonale frimurerorden for menn og kvinner Le Droit Humain.<\/p>\n\n<p>Nettstedets adresse er: https:\/\/www.droit-humain.dk.<\/p>\n\n<h3 class=\"wp-block-heading advgb-dyn-45752302\">Kommentarer<\/h3>\n\n<p>N\u00e5r bes\u00f8kende legger igjen kommentarer p\u00e5 nettstedet samler vi inn dataene som vises i kommentarskjemaet, og ogs\u00e5 bes\u00f8kendes IP-adresse og nettleserbrukeragentstreng for \u00e5 hjelpe til med \u00e5 oppdage spam.<\/p>\n\n<p>En anonymisert streng opprettet fra e-postadressen din (ogs\u00e5 kalt en hash) kan leveres til Gravatar-tjenesten for \u00e5 se om du bruker den. Gravatar-tjenestens personvernerkl\u00e6ring er tilgjengelig her: https:\/\/automattic.com\/privacy\/. Etter godkjenning av kommentaren din, er profilbildet ditt synlig for offentligheten i forbindelse med kommentaren din.<\/p>\n\n<h3 class=\"wp-block-heading advgb-dyn-db469f0e\">Media<\/h3>\n\n<p>Hvis du laster opp bilder til nettsiden, b\u00f8r du unng\u00e5 \u00e5 laste opp bilder med innebygd posisjonsdata (EXIF GPS) inkludert. Bes\u00f8kende p\u00e5 nettstedet kan laste ned og trekke ut alle stedsdata fra bilder p\u00e5 nettstedet.<\/p>\n\n<h3 class=\"wp-block-heading advgb-dyn-b0967a44\">Cookies<\/h3>\n\n<p>Hvis du legger igjen en kommentar p\u00e5 nettstedet v\u00e5rt, kan du velge \u00e5 lagre navnet ditt, e-postadressen og nettstedet ditt i cookies. Disse er for enkelhets skyld, slik at du ikke trenger \u00e5 fylle ut opplysningene dine p\u00e5 nytt n\u00e5r du legger igjen en kommentar. Disse cookies vil vare i ett \u00e5r.<\/p>\n\n<p>Hvis du bes\u00f8ker v\u00e5r p\u00e5loggingsside, vil vi sette en midlertidig cookie for \u00e5 avgj\u00f8re om nettleseren din godtar cookies. Denne cookien inneholder ingen personlige data og blir forkastet n\u00e5r du lukker nettleseren din.<\/p>\n\n<p>N\u00e5r du logger inn, vil vi ogs\u00e5 sette opp flere cookies for \u00e5 lagre p\u00e5loggingsinformasjonen og skjermvisningsvalgene dine. Innloggings-cookies varer i to dager, og cookies for skjermalternativer varer i ett \u00e5r. Hvis du velger &#8220;Husk meg&#8221;, vil p\u00e5loggingen vedvare i to uker. Hvis du logger ut av kontoen din, vil cookies for p\u00e5logging bli fjernet.<\/p>\n\n<p>Hvis du redigerer eller publiserer en artikkel, vil en ekstra cookie bli lagret i nettleseren din. Denne cookien inneholder ingen personlige data og indikerer bare post-ID-en til artikkelen du nettopp redigerte. Den utl\u00f8per etter 1 dag.<\/p>\n\n<h3 class=\"wp-block-heading advgb-dyn-f7901888\">Embeddet innhold fra andre nettsteder<\/h3>\n\n<p>Artikler p\u00e5 dette nettstedet kan inneholde embeddet innhold (f.eks. videoer, bilder, artikler osv.). Embeddet innhold fra andre nettsteder oppf\u00f8rer seg p\u00e5 n\u00f8yaktig samme m\u00e5te som om den bes\u00f8kende har bes\u00f8kt den andre nettsiden.<\/p>\n\n<p>Disse nettstedene kan samle inn data om deg, bruke cookies, legge inn ytterligere tredjepartssporing og overv\u00e5ke interaksjonen din med det embeddede innholdet, inkludert sporing av interaksjonen din med det embeddede innholdet hvis du har en konto og er logget inn p\u00e5 det nettstedet.<\/p>\n\n<h3 class=\"wp-block-heading advgb-dyn-796e4cee\">Hvem vi deler dataene dine med<\/h3>\n\n<p>Vi deler ikke dataene dine med noen tredjepart.<\/p>\n\n<p>Hvis du ber om tilbakestilling av passord, vil IP-adressen din bli inkludert i tilbakestillings-e-posten.<\/p>\n\n<h3 class=\"wp-block-heading advgb-dyn-e19208d8\">Hvor lenge vi beholder dataene dine<\/h3>\n\n<p>Hvis du legger igjen en kommentar, beholdes kommentaren og dens metadata p\u00e5 ubestemt tid. Dette er slik at vi kan gjenkjenne og godkjenne eventuelle oppf\u00f8lgingskommentarer automatisk i stedet for \u00e5 holde dem i en modereringsk\u00f8.<\/p>\n\n<p>For brukere som registrerer seg p\u00e5 nettstedet v\u00e5rt (hvis noen), lagrer vi ogs\u00e5 personopplysningene de oppgir i brukerprofilen deres. Alle brukere kan se, redigere eller slette sin personlige informasjon n\u00e5r som helst (bortsett fra at de ikke kan endre brukernavnet sitt). Nettstedsadministratorer kan ogs\u00e5 se og redigere denne informasjonen.<\/p>\n\n<h3 class=\"wp-block-heading advgb-dyn-9366e677\">Hvilke rettigheter du har over dataene dine<\/h3>\n\n<p>Hvis du har en konto p\u00e5 dette nettstedet, eller har lagt igjen kommentarer, kan du be om \u00e5 motta en eksportert fil med personopplysningene vi har om deg, inkludert data du har gitt oss. Du kan ogs\u00e5 be om at vi sletter alle personopplysninger vi har om deg. Dette inkluderer ikke data vi er forpliktet til \u00e5 beholde for administrative, juridiske eller sikkerhetsmessige form\u00e5l.<\/p>\n\n<h3 class=\"wp-block-heading advgb-dyn-f57c1069\">Hvor dataene dine sendes<\/h3>\n\n<p>Bes\u00f8kendes kommentarer kan sjekkes gjennom en automatisk spam-deteksjonstjeneste.<\/p>\n","protected":false},"excerpt":{"rendered":"<p>Hvem vi er Den skandinaviske f\u00f8derasjonen av Den internasjonale frimurerorden for menn og kvinner Le Droit Humain. Nettstedets adresse er: https:\/\/www.droit-humain.dk. Kommentarer N\u00e5r bes\u00f8kende legger igjen kommentarer p\u00e5 nettstedet samler [&hellip;]<\/p>\n","protected":false},"author":1,"featured_media":0,"parent":0,"menu_order":0,"comment_status":"closed","ping_status":"open","template":"","meta":{"_acf_changed":false,"advgb_blocks_editor_width":"","advgb_blocks_columns_visual_guide":"","advanced_seo_description":"","jetpack_seo_html_title":"","jetpack_seo_noindex":false,"_EventAllDay":false,"_EventTimezone":"","_EventStartDate":"","_EventEndDate":"","_EventStartDateUTC":"","_EventEndDateUTC":"","_EventShowMap":false,"_EventShowMapLink":false,"_EventURL":"","_EventCost":"","_EventCostDescription":"","_EventCurrencySymbol":"","_EventCurrencyCode":"","_EventCurrencyPosition":"","_EventDateTimeSeparator":"","_EventTimeRangeSeparator":"","_EventOrganizerID":[],"_EventVenueID":[],"_OrganizerEmail":"","_OrganizerPhone":"","_OrganizerWebsite":"","_VenueAddress":"","_VenueCity":"","_VenueCountry":"","_VenueProvince":"","_VenueState":"","_VenueZip":"","_VenuePhone":"","_VenueURL":"","_VenueStateProvince":"","_VenueLat":"","_VenueLng":"","_VenueShowMap":false,"_VenueShowMapLink":false,"footnotes":""},"ldh-units":[],"class_list":["post-3482","page","type-page","status-publish","hentry"],"acf":[],"jetpack_sharing_enabled":true,"coauthors":[],"author_meta":{"author_link":"https:\/\/www.droit-humain.dk\/no\/author\/tmp2_chafb4\/","display_name":"tmp2_chafb4"},"relative_dates":{"created":"Publisert 3 \u00e5r siden","modified":"Oppdatert 3 \u00e5r siden"},"absolute_dates":{"created":"Publisert 4. april 2023","modified":"Oppdatert 30. juli 2023"},"absolute_dates_time":{"created":"Publisert 4. april 2023 9:32 PM","modified":"Oppdatert 30. juli 2023 7:30 PM"},"featured_img_caption":"","featured_img":false,"series_order":"","jetpack_shortlink":"https:\/\/wp.me\/PfyV9I-Ua","_links":{"self":[{"href":"https:\/\/www.droit-humain.dk\/no\/wp-json\/wp\/v2\/pages\/3482","targetHints":{"allow":["GET"]}}],"collection":[{"href":"https:\/\/www.droit-humain.dk\/no\/wp-json\/wp\/v2\/pages"}],"about":[{"href":"https:\/\/www.droit-humain.dk\/no\/wp-json\/wp\/v2\/types\/page"}],"author":[{"embeddable":true,"href":"https:\/\/www.droit-humain.dk\/no\/wp-json\/wp\/v2\/users\/1"}],"replies":[{"embeddable":true,"href":"https:\/\/www.droit-humain.dk\/no\/wp-json\/wp\/v2\/comments?post=3482"}],"version-history":[{"count":1,"href":"https:\/\/www.droit-humain.dk\/no\/wp-json\/wp\/v2\/pages\/3482\/revisions"}],"predecessor-version":[{"id":3483,"href":"https:\/\/www.droit-humain.dk\/no\/wp-json\/wp\/v2\/pages\/3482\/revisions\/3483"}],"wp:attachment":[{"href":"https:\/\/www.droit-humain.dk\/no\/wp-json\/wp\/v2\/media?parent=3482"}],"wp:term":[{"taxonomy":"ldh-units","embeddable":true,"href":"https:\/\/www.droit-humain.dk\/no\/wp-json\/wp\/v2\/ldh-units?post=3482"}],"curies":[{"name":"wp","href":"https:\/\/api.w.org\/{rel}","templated":true}]}}